
{"id":130,"date":"2019-08-29T12:21:26","date_gmt":"2019-08-29T12:21:26","guid":{"rendered":"http:\/\/codiqa.bold-themes.com\/software-team\/?page_id=130"},"modified":"2019-08-29T12:21:26","modified_gmt":"2019-08-29T12:21:26","slug":"price-lists","status":"publish","type":"page","link":"https:\/\/dhoola.app\/fr\/price-lists\/","title":{"rendered":"Price Lists"},"content":{"rendered":"<section id=\"bt_bb_section69f363d3e48ad\" class=\"bt_bb_section bt_bb_layout_boxed_1200 bt_bb_vertical_align_top bt_bb_top_spacing_large bt_bb_bottom_spacing_medium\"  data-bt-override-class=\"null\"><div class=\"bt_bb_port\"><div class=\"bt_bb_cell\"><div class=\"bt_bb_cell_inner\"><div class=\"bt_bb_row_wrapper\"><div  class=\"bt_bb_row\"  data-bt-override-class=\"{}\"><div  class=\"bt_bb_column col-xl-4 bt_bb_align_left bt_bb_vertical_align_top bt_bb_animation_fade_in animate bt_bb_padding_normal bt_bb_animation_fade_in animate\"  data-width=\"4\" data-bt-override-class=\"{}\"><div class=\"bt_bb_column_content\"><div class=\"bt_bb_price_list bt_bb_color_scheme_5 bt_bb_design_rounded\" style=\";background-color:#f5f5f5;; --price-list-primary-color:#191919; --price-list-secondary-color:#153159;\"><div class=\"bt_bb_icon bt_bb_style_filled bt_bb_size_large bt_bb_shape_circle-top-left bt_bb_text_empty bt_bb_align_inherit\" data-bt-override-class=\"{}\"><span  data-ico-agilemethodology=\"&#xe912;\" class=\"bt_bb_icon_holder\"><\/span><\/div><div class=\"bt_bb_price_list_title_subtitle_price\"><div class=\"bt_bb_price_list_title_wrap\"><div class=\"bt_bb_price_list_price\"><span class=\"bt_bb_price_list_currency\">$<\/span><span class=\"bt_bb_price_list_amount\">299.99<\/span><\/div><div class=\"bt_bb_price_list_title_subtitle\"><div class=\"bt_bb_price_list_title\">Basic<\/div><div class=\"bt_bb_price_list_subtitle\">Visualiser de mani\u00e8re transparente le capital intellectuel de qualit\u00e9 sans collaboration sup\u00e9rieure.<\/div><\/div><\/div><\/div><ul><li>objectively innovate<br \/><\/li><li>empowered manufactured<br \/><\/li><li>products whereas<br \/><\/li><li>parallel platforms<\/li><\/ul><\/div><\/div><\/div><div  class=\"bt_bb_column col-xl-4 bt_bb_align_center bt_bb_vertical_align_top bt_bb_animation_fade_in animate bt_bb_padding_normal bt_bb_animation_fade_in animate\"  data-width=\"4\" data-bt-override-class=\"{}\"><div class=\"bt_bb_column_content\" style=\"background-color:rgba(255, 255, 255, 1);\"><div class=\"bt_bb_price_list bt_bb_color_scheme_9 bt_bb_highlight\" style=\"; --price-list-primary-color:#191919; --price-list-secondary-color:#5e0810;\"><div class=\"bt_bb_icon bt_bb_style_filled bt_bb_size_large bt_bb_shape_round bt_bb_text_empty bt_bb_align_inherit\" data-bt-override-class=\"{}\"><span  data-ico-artificialintelligence=\"&#xe91d;\" class=\"bt_bb_icon_holder\"><\/span><\/div><div class=\"bt_bb_price_list_title_subtitle_price\"><div class=\"bt_bb_price_list_title_wrap\"><div class=\"bt_bb_price_list_price\"><span class=\"bt_bb_price_list_currency\">$<\/span><span class=\"bt_bb_price_list_amount\">999.99<\/span><\/div><div class=\"bt_bb_price_list_title_subtitle\"><div class=\"bt_bb_price_list_title\">Standard<\/div><div class=\"bt_bb_price_list_subtitle\">Holistically pontificate installed base portals after maintainable products.<\/div><\/div><\/div><\/div><ul><li>objectively innovate<br \/><\/li><li>empowered manufactured<br \/><\/li><li>products whereas<br \/><\/li><li>parallel platforms<\/li><\/ul><\/div><\/div><\/div><div  class=\"bt_bb_column col-xl-4 bt_bb_align_right bt_bb_vertical_align_top bt_bb_animation_fade_in animate bt_bb_padding_normal bt_bb_animation_fade_in animate\"  data-width=\"4\" data-bt-override-class=\"{}\"><div class=\"bt_bb_column_content\"><div class=\"bt_bb_price_list bt_bb_color_scheme_6 bt_bb_design_round\" style=\";background-color:#762dc4;; --price-list-primary-color:#ffffff; --price-list-secondary-color:#153159;\"><div class=\"bt_bb_icon bt_bb_style_filled bt_bb_size_large bt_bb_shape_circle-top-right bt_bb_text_empty bt_bb_align_inherit\" data-bt-override-class=\"{}\"><span  data-ico-artificialintelligence=\"&#xe913;\" class=\"bt_bb_icon_holder\"><\/span><\/div><div class=\"bt_bb_price_list_title_subtitle_price\"><div class=\"bt_bb_price_list_title_wrap\"><div class=\"bt_bb_price_list_price\"><span class=\"bt_bb_price_list_currency\">$<\/span><span class=\"bt_bb_price_list_amount\">299.99<\/span><\/div><div class=\"bt_bb_price_list_title_subtitle\"><div class=\"bt_bb_price_list_title\">Basic<\/div><div class=\"bt_bb_price_list_subtitle\">Visualiser de mani\u00e8re transparente le capital intellectuel de qualit\u00e9 sans collaboration sup\u00e9rieure.<\/div><\/div><\/div><\/div><ul><li>objectively innovate<br \/><\/li><li>empowered manufactured<br \/><\/li><li>products whereas<br \/><\/li><li>parallel platforms<\/li><\/ul><\/div><\/div><\/div><\/div><\/div><\/div><!-- cell_inner --><\/div><!-- cell --><\/div><!-- port --><\/section>","protected":false},"excerpt":{"rendered":"<p>Quickly communicate enabled technology and turnkey leadership skills. Uniquely enable accurate supply chains rather than frictionless technology. Globally network focused materials vis-a-vis cost effective manufactured products.<\/p>","protected":false},"author":2,"featured_media":2363,"parent":0,"menu_order":0,"comment_status":"closed","ping_status":"closed","template":"","meta":{"om_disable_all_campaigns":false,"_mi_skip_tracking":false,"_monsterinsights_sitenote_active":false,"_monsterinsights_sitenote_note":"","_monsterinsights_sitenote_category":0,"_uf_show_specific_survey":0,"_uf_disable_surveys":false},"aioseo_notices":[],"yoast_head":"<!-- This site is optimized with the Yoast SEO plugin v20.4 - https:\/\/yoast.com\/wordpress\/plugins\/seo\/ -->\n<title>Price Lists - DHOOLA<\/title>\n<meta name=\"robots\" content=\"index, follow, max-snippet:-1, max-image-preview:large, max-video-preview:-1\" \/>\n<link rel=\"canonical\" href=\"https:\/\/dhoola.app\/fr\/price-lists\/\" \/>\n<meta property=\"og:locale\" content=\"fr_FR\" \/>\n<meta property=\"og:type\" content=\"article\" \/>\n<meta property=\"og:title\" content=\"Price Lists - DHOOLA\" \/>\n<meta property=\"og:description\" content=\"Quickly communicate enabled technology and turnkey leadership skills. Uniquely enable accurate supply chains rather than frictionless technology. Globally network focused materials vis-a-vis cost effective manufactured products.\" \/>\n<meta property=\"og:url\" content=\"https:\/\/dhoola.app\/fr\/price-lists\/\" \/>\n<meta property=\"og:site_name\" content=\"DHOOLA\" \/>\n<meta property=\"og:image\" content=\"https:\/\/dhoola.app\/wp-content\/uploads\/2019\/09\/blog-14.jpg\" \/>\n\t<meta property=\"og:image:width\" content=\"2500\" \/>\n\t<meta property=\"og:image:height\" content=\"1667\" \/>\n\t<meta property=\"og:image:type\" content=\"image\/jpeg\" \/>\n<meta name=\"twitter:card\" content=\"summary_large_image\" \/>\n<meta name=\"twitter:label1\" content=\"Dur\u00e9e de lecture estim\u00e9e\" \/>\n\t<meta name=\"twitter:data1\" content=\"2 minutes\" \/>\n<script type=\"application\/ld+json\" class=\"yoast-schema-graph\">{\"@context\":\"https:\/\/schema.org\",\"@graph\":[{\"@type\":\"WebPage\",\"@id\":\"https:\/\/dhoola.app\/price-lists\/\",\"url\":\"https:\/\/dhoola.app\/price-lists\/\",\"name\":\"Price Lists - DHOOLA\",\"isPartOf\":{\"@id\":\"https:\/\/dhoola.app\/#website\"},\"datePublished\":\"2019-08-29T12:21:26+00:00\",\"dateModified\":\"2019-08-29T12:21:26+00:00\",\"breadcrumb\":{\"@id\":\"https:\/\/dhoola.app\/price-lists\/#breadcrumb\"},\"inLanguage\":\"fr-FR\",\"potentialAction\":[{\"@type\":\"ReadAction\",\"target\":[\"https:\/\/dhoola.app\/price-lists\/\"]}]},{\"@type\":\"BreadcrumbList\",\"@id\":\"https:\/\/dhoola.app\/price-lists\/#breadcrumb\",\"itemListElement\":[{\"@type\":\"ListItem\",\"position\":1,\"name\":\"Accueil\",\"item\":\"https:\/\/dhoola.app\/\"},{\"@type\":\"ListItem\",\"position\":2,\"name\":\"Price Lists\"}]},{\"@type\":\"WebSite\",\"@id\":\"https:\/\/dhoola.app\/#website\",\"url\":\"https:\/\/dhoola.app\/\",\"name\":\"DHOOLA\",\"description\":\"Encore mieux qu&#039;un transfert d&#039;argent !\",\"potentialAction\":[{\"@type\":\"SearchAction\",\"target\":{\"@type\":\"EntryPoint\",\"urlTemplate\":\"https:\/\/dhoola.app\/?s={search_term_string}\"},\"query-input\":\"required name=search_term_string\"}],\"inLanguage\":\"fr-FR\"}]}<\/script>\n<!-- \/ Yoast SEO plugin. -->","yoast_head_json":{"title":"Price Lists - DHOOLA","robots":{"index":"index","follow":"follow","max-snippet":"max-snippet:-1","max-image-preview":"max-image-preview:large","max-video-preview":"max-video-preview:-1"},"canonical":"https:\/\/dhoola.app\/fr\/price-lists\/","og_locale":"fr_FR","og_type":"article","og_title":"Price Lists - DHOOLA","og_description":"Quickly communicate enabled technology and turnkey leadership skills. Uniquely enable accurate supply chains rather than frictionless technology. Globally network focused materials vis-a-vis cost effective manufactured products.","og_url":"https:\/\/dhoola.app\/fr\/price-lists\/","og_site_name":"DHOOLA","og_image":[{"width":2500,"height":1667,"url":"https:\/\/dhoola.app\/wp-content\/uploads\/2019\/09\/blog-14.jpg","type":"image\/jpeg"}],"twitter_card":"summary_large_image","twitter_misc":{"Dur\u00e9e de lecture estim\u00e9e":"2 minutes"},"schema":{"@context":"https:\/\/schema.org","@graph":[{"@type":"WebPage","@id":"https:\/\/dhoola.app\/price-lists\/","url":"https:\/\/dhoola.app\/price-lists\/","name":"Price Lists - DHOOLA","isPartOf":{"@id":"https:\/\/dhoola.app\/#website"},"datePublished":"2019-08-29T12:21:26+00:00","dateModified":"2019-08-29T12:21:26+00:00","breadcrumb":{"@id":"https:\/\/dhoola.app\/price-lists\/#breadcrumb"},"inLanguage":"fr-FR","potentialAction":[{"@type":"ReadAction","target":["https:\/\/dhoola.app\/price-lists\/"]}]},{"@type":"BreadcrumbList","@id":"https:\/\/dhoola.app\/price-lists\/#breadcrumb","itemListElement":[{"@type":"ListItem","position":1,"name":"Accueil","item":"https:\/\/dhoola.app\/"},{"@type":"ListItem","position":2,"name":"Price Lists"}]},{"@type":"WebSite","@id":"https:\/\/dhoola.app\/#website","url":"https:\/\/dhoola.app\/","name":"DHOOLA","description":"Encore mieux qu&#039;un transfert d&#039;argent !","potentialAction":[{"@type":"SearchAction","target":{"@type":"EntryPoint","urlTemplate":"https:\/\/dhoola.app\/?s={search_term_string}"},"query-input":"required name=search_term_string"}],"inLanguage":"fr-FR"}]}},"_links":{"self":[{"href":"https:\/\/dhoola.app\/fr\/wp-json\/wp\/v2\/pages\/130"}],"collection":[{"href":"https:\/\/dhoola.app\/fr\/wp-json\/wp\/v2\/pages"}],"about":[{"href":"https:\/\/dhoola.app\/fr\/wp-json\/wp\/v2\/types\/page"}],"author":[{"embeddable":true,"href":"https:\/\/dhoola.app\/fr\/wp-json\/wp\/v2\/users\/2"}],"replies":[{"embeddable":true,"href":"https:\/\/dhoola.app\/fr\/wp-json\/wp\/v2\/comments?post=130"}],"version-history":[{"count":0,"href":"https:\/\/dhoola.app\/fr\/wp-json\/wp\/v2\/pages\/130\/revisions"}],"wp:featuredmedia":[{"embeddable":true,"href":"https:\/\/dhoola.app\/fr\/wp-json\/wp\/v2\/media\/2363"}],"wp:attachment":[{"href":"https:\/\/dhoola.app\/fr\/wp-json\/wp\/v2\/media?parent=130"}],"curies":[{"name":"wp","href":"https:\/\/api.w.org\/{rel}","templated":true}]}}